{"id":47,"date":"2020-01-04T16:28:58","date_gmt":"2020-01-04T16:28:58","guid":{"rendered":"https:\/\/new.soundtrance.com\/?page_id=47"},"modified":"2022-05-11T00:58:32","modified_gmt":"2022-05-10T23:58:32","slug":"el-instituto","status":"publish","type":"page","link":"https:\/\/soundtrance.com\/de\/soundtrance\/el-instituto\/","title":{"rendered":"Das Institut"},"content":{"rendered":"<div data-elementor-type=\"wp-page\" data-elementor-id=\"47\" class=\"elementor elementor-47\" data-elementor-post-type=\"page\">\n\t\t\t\t\t\t<section class=\"elementor-section elementor-top-section elementor-element elementor-element-1b5417d elementor-section-boxed elementor-section-height-default elementor-section-height-default\" data-id=\"1b5417d\" data-element_type=\"section\">\n\t\t\t\t\t\t<div class=\"elementor-container elementor-column-gap-default\">\n\t\t\t\t\t<div class=\"elementor-column elementor-col-100 elementor-top-column elementor-element elementor-element-120126a\" data-id=\"120126a\" data-element_type=\"column\">\n\t\t\t<div class=\"elementor-widget-wrap elementor-element-populated\">\n\t\t\t\t\t\t<div class=\"elementor-element elementor-element-15e9703 elementor-widget elementor-widget-template\" data-id=\"15e9703\" data-element_type=\"widget\" data-widget_type=\"template.default\">\n\t\t\t\t<div class=\"elementor-widget-container\">\n\t\t\t\t\t\t\t<div class=\"elementor-template\">\n\t\t\t\t\t<div data-elementor-type=\"section\" data-elementor-id=\"66\" class=\"elementor elementor-66\" data-elementor-post-type=\"elementor_library\">\n\t\t\t\t\t<section class=\"elementor-section elementor-top-section elementor-element elementor-element-7b138cf elementor-section-boxed elementor-section-height-default elementor-section-height-default\" data-id=\"7b138cf\" data-element_type=\"section\">\n\t\t\t\t\t\t<div class=\"elementor-container elementor-column-gap-default\">\n\t\t\t\t\t<div class=\"elementor-column elementor-col-100 elementor-top-column elementor-element elementor-element-4550fbc\" data-id=\"4550fbc\" data-element_type=\"column\">\n\t\t\t<div class=\"elementor-widget-wrap elementor-element-populated\">\n\t\t\t\t\t\t<div class=\"elementor-element elementor-element-d7f667d elementor-widget elementor-widget-image\" data-id=\"d7f667d\" data-element_type=\"widget\" data-widget_type=\"image.default\">\n\t\t\t\t<div class=\"elementor-widget-container\">\n\t\t\t\t\t\t\t\t\t\t\t\t\t\t\t\t<a href=\"https:\/\/soundtrance.com\/de\/\">\n\t\t\t\t\t\t\t<img fetchpriority=\"high\" decoding=\"async\" width=\"500\" height=\"198\" src=\"https:\/\/soundtrance.com\/wp-content\/uploads\/2020\/01\/Recurso-6.png\" class=\"attachment-large size-large wp-image-44\" alt=\"\" srcset=\"https:\/\/soundtrance.com\/wp-content\/uploads\/2020\/01\/Recurso-6.png 500w, https:\/\/soundtrance.com\/wp-content\/uploads\/2020\/01\/Recurso-6-300x119.png 300w\" sizes=\"(max-width: 500px) 100vw, 500px\" \/>\t\t\t\t\t\t\t\t<\/a>\n\t\t\t\t\t\t\t\t\t\t\t\t\t\t\t<\/div>\n\t\t\t\t<\/div>\n\t\t\t\t\t<\/div>\n\t\t<\/div>\n\t\t\t\t\t<\/div>\n\t\t<\/section>\n\t\t\t\t<\/div>\n\t\t\t\t<\/div>\n\t\t\t\t\t\t<\/div>\n\t\t\t\t<\/div>\n\t\t\t\t\t<\/div>\n\t\t<\/div>\n\t\t\t\t\t<\/div>\n\t\t<\/section>\n\t\t\t\t<section class=\"elementor-section elementor-top-section elementor-element elementor-element-f9a8f7c elementor-section-height-min-height elementor-section-items-stretch elementor-section-boxed elementor-section-height-default\" data-id=\"f9a8f7c\" data-element_type=\"section\" data-settings=\"{&quot;background_background&quot;:&quot;classic&quot;}\">\n\t\t\t\t\t\t<div class=\"elementor-container elementor-column-gap-default\">\n\t\t\t\t\t<div class=\"elementor-column elementor-col-100 elementor-top-column elementor-element elementor-element-061a6d5\" data-id=\"061a6d5\" data-element_type=\"column\" data-settings=\"{&quot;background_background&quot;:&quot;classic&quot;,&quot;background_motion_fx_motion_fx_scrolling&quot;:&quot;yes&quot;,&quot;background_motion_fx_opacity_effect&quot;:&quot;yes&quot;,&quot;background_motion_fx_opacity_level&quot;:{&quot;unit&quot;:&quot;px&quot;,&quot;size&quot;:3.7,&quot;sizes&quot;:[]},&quot;background_motion_fx_devices&quot;:[],&quot;background_motion_fx_opacity_direction&quot;:&quot;out-in&quot;,&quot;background_motion_fx_opacity_range&quot;:{&quot;unit&quot;:&quot;%&quot;,&quot;size&quot;:&quot;&quot;,&quot;sizes&quot;:{&quot;start&quot;:20,&quot;end&quot;:80}}}\">\n\t\t\t<div class=\"elementor-widget-wrap elementor-element-populated\">\n\t\t\t\t\t\t<div class=\"elementor-element elementor-element-aa6568a elementor-widget elementor-widget-heading\" data-id=\"aa6568a\" data-element_type=\"widget\" data-widget_type=\"heading.default\">\n\t\t\t\t<div class=\"elementor-widget-container\">\n\t\t\t\t\t<h1 class=\"elementor-heading-title elementor-size-default\">Das Institut<\/h1>\t\t\t\t<\/div>\n\t\t\t\t<\/div>\n\t\t\t\t<section class=\"elementor-section elementor-inner-section elementor-element elementor-element-5bf8faf elementor-section-boxed elementor-section-height-default elementor-section-height-default\" data-id=\"5bf8faf\" data-element_type=\"section\">\n\t\t\t\t\t\t<div class=\"elementor-container elementor-column-gap-default\">\n\t\t\t\t\t<div class=\"elementor-column elementor-col-100 elementor-inner-column elementor-element elementor-element-2ba054d\" data-id=\"2ba054d\" data-element_type=\"column\">\n\t\t\t<div class=\"elementor-widget-wrap elementor-element-populated\">\n\t\t\t\t\t\t<div class=\"elementor-element elementor-element-b472de2 elementor-widget elementor-widget-text-editor\" data-id=\"b472de2\" data-element_type=\"widget\" data-widget_type=\"text-editor.default\">\n\t\t\t\t<div class=\"elementor-widget-container\">\n\t\t\t\t\t\t\t\t\t<h3 style=\"text-align: center;\"><span style=\"text-align: start;\"><span style=\"color: #ffffff;\"><span style=\"caret-color: #393939; font-size: 20px;\">Caminando hacia los estados expandidos de la conciencia\u00a0<\/span><\/span><\/span><span style=\"font-family: inherit; text-align: start;\"><span style=\"color: #ffffff;\"><span style=\"caret-color: #393939; font-size: 20px;\">y su\u00a0aplicaci\u00f3n\u00a0<\/span><\/span><\/span><span style=\"font-family: inherit; color: #ffffff;\"><span style=\"caret-color: #393939; font-size: 20px;\">terap\u00e9utica\u00a0<\/span><\/span><\/h3>\t\t\t\t\t\t\t\t<\/div>\n\t\t\t\t<\/div>\n\t\t\t\t\t<\/div>\n\t\t<\/div>\n\t\t\t\t\t<\/div>\n\t\t<\/section>\n\t\t\t\t\t<\/div>\n\t\t<\/div>\n\t\t\t\t\t<\/div>\n\t\t<\/section>\n\t\t\t\t<section class=\"elementor-section elementor-top-section elementor-element elementor-element-49827a6 elementor-section-boxed elementor-section-height-default elementor-section-height-default\" data-id=\"49827a6\" data-element_type=\"section\">\n\t\t\t\t\t\t<div class=\"elementor-container elementor-column-gap-no\">\n\t\t\t\t\t<div class=\"elementor-column elementor-col-50 elementor-top-column elementor-element elementor-element-81553cb\" data-id=\"81553cb\" data-element_type=\"column\">\n\t\t\t<div class=\"elementor-widget-wrap elementor-element-populated\">\n\t\t\t\t\t\t<div class=\"elementor-element elementor-element-0788639 elementor-widget elementor-widget-text-editor\" data-id=\"0788639\" data-element_type=\"widget\" data-widget_type=\"text-editor.default\">\n\t\t\t\t<div class=\"elementor-widget-container\">\n\t\t\t\t\t\t\t\t\t<h2>Das Institut<\/h2><p>Das Sound Trance Institute (2004 zwischen Katalonien und Deutschland gegr\u00fcndet) entstand aus dem Bed\u00fcrfnis, einen geeigneten Rahmen f\u00fcr die therapeutische Nutzung archaischer Instrumente und erweiterter Bewusstseinszust\u00e4nde zu schaffen. Wir erforschen die heilende Kraft von Musik, Kl\u00e4ngen und Schwingungen als Ressource f\u00fcr die Erweiterung des Bewusstseins zur Entwicklung von sich selbst und der Menschheit.<\/p>\t\t\t\t\t\t\t\t<\/div>\n\t\t\t\t<\/div>\n\t\t\t\t\t<\/div>\n\t\t<\/div>\n\t\t\t\t<div class=\"elementor-column elementor-col-50 elementor-top-column elementor-element elementor-element-0cc53f8\" data-id=\"0cc53f8\" data-element_type=\"column\">\n\t\t\t<div class=\"elementor-widget-wrap elementor-element-populated\">\n\t\t\t\t\t\t\t<\/div>\n\t\t<\/div>\n\t\t\t\t\t<\/div>\n\t\t<\/section>\n\t\t\t\t<section class=\"elementor-section elementor-top-section elementor-element elementor-element-181ae78 elementor-section-boxed elementor-section-height-default elementor-section-height-default\" data-id=\"181ae78\" data-element_type=\"section\">\n\t\t\t\t\t\t<div class=\"elementor-container elementor-column-gap-no\">\n\t\t\t\t\t<div class=\"elementor-column elementor-col-100 elementor-top-column elementor-element elementor-element-f6e4b12\" data-id=\"f6e4b12\" data-element_type=\"column\">\n\t\t\t<div class=\"elementor-widget-wrap elementor-element-populated\">\n\t\t\t\t\t\t<div class=\"elementor-element elementor-element-4342095 elementor-widget elementor-widget-heading\" data-id=\"4342095\" data-element_type=\"widget\" data-widget_type=\"heading.default\">\n\t\t\t\t<div class=\"elementor-widget-container\">\n\t\t\t\t\t<h2 class=\"elementor-heading-title elementor-size-default\"><a href=\"https:\/\/soundtrance.com\/de\/el-equipo-sound-trance-institute\/\">Die Gruppe<\/a><\/h2>\t\t\t\t<\/div>\n\t\t\t\t<\/div>\n\t\t\t\t<div class=\"elementor-element elementor-element-d22a0cc elementor-widget elementor-widget-image\" data-id=\"d22a0cc\" data-element_type=\"widget\" data-widget_type=\"image.default\">\n\t\t\t\t<div class=\"elementor-widget-container\">\n\t\t\t\t\t\t\t\t\t\t\t\t\t\t\t<img decoding=\"async\" width=\"630\" height=\"417\" src=\"https:\/\/soundtrance.com\/wp-content\/uploads\/2022\/05\/33D36D7C-20DB-4B13-820B-049E7E3F4467.jpeg\" class=\"attachment-large size-large wp-image-4433\" alt=\"\" srcset=\"https:\/\/soundtrance.com\/wp-content\/uploads\/2022\/05\/33D36D7C-20DB-4B13-820B-049E7E3F4467.jpeg 630w, https:\/\/soundtrance.com\/wp-content\/uploads\/2022\/05\/33D36D7C-20DB-4B13-820B-049E7E3F4467-600x397.jpeg 600w, https:\/\/soundtrance.com\/wp-content\/uploads\/2022\/05\/33D36D7C-20DB-4B13-820B-049E7E3F4467-300x199.jpeg 300w, https:\/\/soundtrance.com\/wp-content\/uploads\/2022\/05\/33D36D7C-20DB-4B13-820B-049E7E3F4467-18x12.jpeg 18w\" sizes=\"(max-width: 630px) 100vw, 630px\" \/>\t\t\t\t\t\t\t\t\t\t\t\t\t\t\t<\/div>\n\t\t\t\t<\/div>\n\t\t\t\t\t<\/div>\n\t\t<\/div>\n\t\t\t\t\t<\/div>\n\t\t<\/section>\n\t\t\t\t<\/div>","protected":false},"excerpt":{"rendered":"<p>El instituto Caminando hacia los estados expandidos de la conciencia\u00a0y su\u00a0aplicaci\u00f3n\u00a0terap\u00e9utica\u00a0 El instituto Sound Trance Institute (fundado entre Catalu\u00f1a y Alemania el 2004), nace de la necesidad de crear un contexto adecuado para el uso terap\u00e9utico de los instrumentos arcaicos y los estados expandidos de la conciencia. Investigamos el poder curativo de la m\u00fasica, los [&hellip;]<\/p>","protected":false},"author":1,"featured_media":0,"parent":5,"menu_order":0,"comment_status":"closed","ping_status":"closed","template":"","meta":{"_acf_changed":false,"footnotes":""},"class_list":["post-47","page","type-page","status-publish","hentry"],"acf":[],"_links":{"self":[{"href":"https:\/\/soundtrance.com\/de\/wp-json\/wp\/v2\/pages\/47","targetHints":{"allow":["GET"]}}],"collection":[{"href":"https:\/\/soundtrance.com\/de\/wp-json\/wp\/v2\/pages"}],"about":[{"href":"https:\/\/soundtrance.com\/de\/wp-json\/wp\/v2\/types\/page"}],"author":[{"embeddable":true,"href":"https:\/\/soundtrance.com\/de\/wp-json\/wp\/v2\/users\/1"}],"replies":[{"embeddable":true,"href":"https:\/\/soundtrance.com\/de\/wp-json\/wp\/v2\/comments?post=47"}],"version-history":[{"count":0,"href":"https:\/\/soundtrance.com\/de\/wp-json\/wp\/v2\/pages\/47\/revisions"}],"up":[{"embeddable":true,"href":"https:\/\/soundtrance.com\/de\/wp-json\/wp\/v2\/pages\/5"}],"wp:attachment":[{"href":"https:\/\/soundtrance.com\/de\/wp-json\/wp\/v2\/media?parent=47"}],"curies":[{"name":"wp","href":"https:\/\/api.w.org\/{rel}","templated":true}]}}