{"id":5704,"date":"2025-03-07T12:37:48","date_gmt":"2025-03-07T11:37:48","guid":{"rendered":"https:\/\/soundtrance.com\/?post_type=product&#038;p=5704"},"modified":"2026-04-09T09:37:00","modified_gmt":"2026-04-09T08:37:00","slug":"modulo-muerte-renacimiento-e-integracion","status":"publish","type":"product","link":"https:\/\/soundtrance.com\/en\/product\/modulo-muerte-renacimiento-e-integracion\/","title":{"rendered":"Modulo: Muerte, renacimiento e integraci\u00f3n"},"content":{"rendered":"<p style=\"text-align: center;\">Modulo de dos fines de semana dentro del ciclo formativo en musicoterapia y terapia de estados alterados de la conciencia para el desarrollo personal, profesional y espiritual.<\/p>\n<h3 style=\"text-align: center;\">Muerte, renacimiento e integraci\u00f3n<\/h3>\n<h4 style=\"text-align: center;\">\u00a0Abril y Septiembre 2027<\/h4>\n<p style=\"text-align: center;\"><img fetchpriority=\"high\" decoding=\"async\" class=\"wp-image-583 aligncenter\" src=\"https:\/\/soundtrance.com\/wp-content\/uploads\/2020\/02\/A8956570-DE4C-40E3-92CF-87749128E356-300x200.jpg\" alt=\"Gong photo by Alexander Boethius\" width=\"389\" height=\"278\" \/><\/p>\n<p style=\"text-align: center;\">Instrumentos y aspectos b\u00e1sicos<\/p>\n<p style=\"text-align: center;\"><em><strong>Gong Sinf\u00f3nico (Mazos, Fulmines, Marcos), Hand Pan, Rav Vast, Cuencos Cantores, Koto, Sansula, Rav Vast, Flauta. Matriz Perinatal B\u00e1sica II, III y IV.<\/strong><\/em><\/p>\n<h3 style=\"text-align: center;\"><span style=\"font-size: 16px;\">Horarios para todos los seminarios<\/span><\/h3>\n<p style=\"text-align: center;\"><span style=\"font-size: 16px;\">Este curso consiste en dos fines de semana de trabajo te\u00f3rico y pr\u00e1ctico. <\/span><\/p>\n<p style=\"text-align: center;\"><span style=\"font-size: 16px;\">El Equipo<\/span><\/p>\n<h5 class=\"flex flex-grow flex-col gap-3\" style=\"text-align: center;\">\u2022 <strong>Joel Oliv\u00e9<\/strong>, musicoterapeuta, lutier y m\u00fasico \u2022 <strong>Dr. Peter Hess<\/strong>, psiquiatra, neur\u00f3logo, musicoterapeuta \u2022 <strong>Heike Hess<\/strong>, terapeuta hol\u00edstica, terapeuta del sonido.<\/h5>\n<p class=\"flex flex-grow flex-col gap-3\" style=\"text-align: center;\">The course offers practical and theoretical aspects, such as self-exploration through sound journey, bodywork, vibrational healing and body awareness, shamanic ritual in modern psychotherapy, musical improvisation with all kinds of instruments, active\/receptive music therapy, introduction to interpretation techniques of archaic instruments and understanding their effects, harmonic singing, mindfulness and sound meditation, the theoretical background of the Gong Ritual, set and setting, the difference between active and receptive music therapy, the bridge between psychotherapy and shamanism, altered states of consciousness and neurology, spirituality in treatment, basic perinatal matrices according to S. Grof and transpersonal psychology.<\/p>\n<p style=\"text-align: center;\"><iframe title=\"Formation in sound in trance, Sound &amp; Trance Formation - STF\" src=\"https:\/\/www.youtube.com\/embed\/l8B7bLuq-Fs?feature=oembed\" width=\"800\" height=\"450\" frameborder=\"0\" allowfullscreen=\"allowfullscreen\"><\/iframe><\/p>\n<h3 style=\"text-align: right;\">Content<\/h3>\n<p style=\"text-align: right;\"><strong>Practical aspects<\/strong><\/p>\n<p style=\"text-align: right;\">Experimentar los estados alterados de la conciencia a trav\u00e9s de la m\u00fasica. \u00a0Auto-exploraci\u00f3n a trav\u00e9s del viaje con sonido. \u00a0Trabajo corporal: curaci\u00f3n vibracional y conciencia corporal. \u00a0Ritual cham\u00e1nico en la psicoterapia moderna. \u00a0Improvisaci\u00f3n musical con todo tipo de instrumentos. \u00a0Musicoterapia activa\/musicoter\u00e1pia receptiva. \u00a0Instrumentos arcaicos: introducci\u00f3n de t\u00e9cnicas de interpretaci\u00f3n y comprensi\u00f3n de sus efectos. Mindfullnes y meditaci\u00f3n con sonido<\/p>\n<p style=\"text-align: right;\"><strong>Aspectos te\u00f3ricos<\/strong><\/p>\n<p style=\"text-align: right;\">Theoretical background of the Gong Ritual. \nSet and Setting. \u00a0\nDifference between active and receptive music therapy. \u00a0\nBridge between psychotherapy and shamanism.\nAltered states of consciousness and neurogiology. \u00a0\nSpirituality in treatment. \u00a0\nThe basic perinatal matrices, according to S. Grof. \nTranspersonal Psychology.<\/p>\n<p style=\"text-align: center;\">Registration, information, and requirements.<\/p>\n<div class=\"flex flex-grow flex-col gap-3\" style=\"text-align: center;\">\n<div class=\"min-h-[20px] flex flex-col items-start gap-4 whitespace-pre-wrap\">\n<div class=\"markdown prose w-full break-words dark:prose-invert light\">Los bloques no tienen porque hacerse correlativos; se puede entrar en el curso en cualquier de los bloques 1.1, 2.1 o 3.1. Si quieres puedes hacer solo un bloque, cada bloque es de dos fines de semana. La experiencia previa en m\u00fasica o estados alterados de la conciencia puede ayudar, pero no es necesario. Sin embargo, es importante que haya inter\u00e9s y disposici\u00f3n para abrirse a descubrir las partes internas de uno mismo. En ning\u00fan caso, este curso puede reemplazar la asistencia terap\u00e9utica y cada participante debe comportarse de manera responsable.Todas las personas interesadas en el curso deber\u00e1n presentar un escrito con sus datos personales (nombre completo, direcci\u00f3n de residencia, edad, idioma\/s), una breve redacci\u00f3n explicando sus motivaciones para realizar el curso, y adjuntar una breve biograf\u00eda (estudios y trabajos) y un retrato personal, todo en un documento en Word o Pages. Env\u00ede un correo electr\u00f3nico solicitando la inscripci\u00f3n junto con la informaci\u00f3n requerida a: <a target=\"_new\" rel=\"noopener\">sound@soundtrance.com<\/a>. Los seminarios se ofrecer\u00e1n en espa\u00f1ol o ingl\u00e9s, traducidos al castellano.Sound Trance Institute se reserva el derecho de hacer cambios en el programa en caso de fuerza mayor. Las fechas ser\u00e1n fijas, si no se viene un fin de semana, se puede recuperar en la siguiente edici\u00f3n por 300\u20ac. No incluye alojamiento o comidas, se podr\u00e1 reservar aparte.Al completar los 3 bloques, se entregar\u00e1 un diploma de asistencia del Instituto Sound &amp; Trance. Durante el curso, podr\u00e1 reservar sesiones individuales o sesiones de terapia grupal, o clases de m\u00fasica, benefici\u00e1ndose de un descuento del 25% en todas las actividades.<\/div>\n<\/div>\n<\/div>\n<p style=\"text-align: left;\">Ubicaci\u00f3n <strong>Las classes ser\u00e1n presenciales, en: Espai Mandala<\/strong> 08255 Castellfollit del Boix, Barcelona (Espa\u00f1ya) _______________________________________________________________________ Los derechos de autor\u00eda de este curso pertenecen a STI (Sound Trance Institute).<\/p>","protected":false},"excerpt":{"rendered":"<p>Sonund TransFormation<\/p>","protected":false},"featured_media":583,"comment_status":"open","ping_status":"closed","template":"","meta":{"_acf_changed":false},"product_brand":[],"product_cat":[61],"product_tag":[],"class_list":{"0":"post-5704","1":"product","2":"type-product","3":"status-publish","4":"has-post-thumbnail","6":"product_cat-formaciones","8":"first","9":"instock","10":"downloadable","11":"shipping-taxable","12":"purchasable","13":"product-type-simple"},"acf":[],"_links":{"self":[{"href":"https:\/\/soundtrance.com\/en\/wp-json\/wp\/v2\/product\/5704","targetHints":{"allow":["GET"]}}],"collection":[{"href":"https:\/\/soundtrance.com\/en\/wp-json\/wp\/v2\/product"}],"about":[{"href":"https:\/\/soundtrance.com\/en\/wp-json\/wp\/v2\/types\/product"}],"replies":[{"embeddable":true,"href":"https:\/\/soundtrance.com\/en\/wp-json\/wp\/v2\/comments?post=5704"}],"wp:featuredmedia":[{"embeddable":true,"href":"https:\/\/soundtrance.com\/en\/wp-json\/wp\/v2\/media\/583"}],"wp:attachment":[{"href":"https:\/\/soundtrance.com\/en\/wp-json\/wp\/v2\/media?parent=5704"}],"wp:term":[{"taxonomy":"product_brand","embeddable":true,"href":"https:\/\/soundtrance.com\/en\/wp-json\/wp\/v2\/product_brand?post=5704"},{"taxonomy":"product_cat","embeddable":true,"href":"https:\/\/soundtrance.com\/en\/wp-json\/wp\/v2\/product_cat?post=5704"},{"taxonomy":"product_tag","embeddable":true,"href":"https:\/\/soundtrance.com\/en\/wp-json\/wp\/v2\/product_tag?post=5704"}],"curies":[{"name":"wp","href":"https:\/\/api.w.org\/{rel}","templated":true}]}}